{"id":7076,"date":"2022-11-16T22:17:41","date_gmt":"2022-11-16T22:17:41","guid":{"rendered":"http:\/\/inox-aroes-wordpress-e8eef8-95-217-155-156.traefik.me\/?page_id=7076"},"modified":"2024-03-01T15:32:54","modified_gmt":"2024-03-01T15:32:54","slug":"environment-and-energy","status":"publish","type":"page","link":"https:\/\/inoxaroes.pt\/en\/equipments\/environment-and-energy\/","title":{"rendered":"Environment and Energy"},"content":{"rendered":"[vc_row type=&#8221;full_width_content&#8221; full_screen_row_position=&#8221;middle&#8221; column_margin=&#8221;default&#8221; column_direction=&#8221;default&#8221; column_direction_tablet=&#8221;default&#8221; column_direction_phone=&#8221;default&#8221; scene_position=&#8221;center&#8221; text_color=&#8221;dark&#8221; text_align=&#8221;left&#8221; row_border_radius=&#8221;none&#8221; row_border_radius_applies=&#8221;bg&#8221; overflow=&#8221;visible&#8221; overlay_strength=&#8221;0.3&#8243; gradient_direction=&#8221;left_to_right&#8221; shape_divider_position=&#8221;bottom&#8221; bg_image_animation=&#8221;none&#8221; gradient_type=&#8221;default&#8221; shape_type=&#8221;&#8221;][vc_column column_padding=&#8221;no-extra-padding&#8221; column_padding_tablet=&#8221;inherit&#8221; column_padding_phone=&#8221;inherit&#8221; column_padding_position=&#8221;all&#8221; column_element_direction_desktop=&#8221;default&#8221; column_element_spacing=&#8221;default&#8221; desktop_text_alignment=&#8221;default&#8221; tablet_text_alignment=&#8221;default&#8221; phone_text_alignment=&#8221;default&#8221; background_color_opacity=&#8221;1&#8243; background_hover_color_opacity=&#8221;1&#8243; column_backdrop_filter=&#8221;none&#8221; column_shadow=&#8221;none&#8221; column_border_radius=&#8221;none&#8221; column_link_target=&#8221;_self&#8221; column_position=&#8221;default&#8221; gradient_direction=&#8221;left_to_right&#8221; overlay_strength=&#8221;0.3&#8243; width=&#8221;1\/1&#8243; tablet_width_inherit=&#8221;default&#8221; animation_type=&#8221;default&#8221; bg_image_animation=&#8221;none&#8221; border_type=&#8221;simple&#8221; column_border_width=&#8221;none&#8221; column_border_style=&#8221;solid&#8221;]\t\t<div class=\"breadcrumb-container\">\r\n\t\t\t<div class=\"container normal-container\">\r\n\t\t\t\t<!-- Breadcrumb NavXT 7.3.1 -->\n<span property=\"itemListElement\" typeof=\"ListItem\"><a property=\"item\" typeof=\"WebPage\" title=\"Go to Inoxar\u00f5es.\" href=\"https:\/\/inoxaroes.pt\/en\/\" class=\"home\" aria-current=\"page\"><span property=\"name\">Inoxar\u00f5es<\/span><\/a><meta property=\"position\" content=\"1\"><\/span>\t\t\t<\/div>\r\n\t\t<\/div>\r\n    [\/vc_column][\/vc_row][vc_row type=&#8221;full_width_background&#8221; full_screen_row_position=&#8221;middle&#8221; column_margin=&#8221;default&#8221; equal_height=&#8221;yes&#8221; content_placement=&#8221;middle&#8221; column_direction=&#8221;default&#8221; column_direction_tablet=&#8221;column_reverse&#8221; column_direction_phone=&#8221;column_reverse&#8221; scene_position=&#8221;center&#8221; top_padding=&#8221;120&#8243; bottom_padding=&#8221;120&#8243; text_color=&#8221;dark&#8221; text_align=&#8221;left&#8221; row_border_radius=&#8221;none&#8221; row_border_radius_applies=&#8221;bg&#8221; overflow=&#8221;visible&#8221; id=&#8221;historia&#8221; overlay_strength=&#8221;0.3&#8243; gradient_direction=&#8221;left_to_right&#8221; shape_divider_position=&#8221;bottom&#8221; bg_image_animation=&#8221;none&#8221; gradient_type=&#8221;default&#8221; shape_type=&#8221;&#8221;][vc_column bottom_margin_tablet=&#8221;60&#8243; bottom_margin_phone=&#8221;60&#8243; column_element_direction_desktop=&#8221;default&#8221; column_element_spacing=&#8221;default&#8221; desktop_text_alignment=&#8221;default&#8221; tablet_text_alignment=&#8221;default&#8221; phone_text_alignment=&#8221;default&#8221; background_color_opacity=&#8221;1&#8243; background_hover_color_opacity=&#8221;1&#8243; column_backdrop_filter=&#8221;none&#8221; column_shadow=&#8221;none&#8221; column_border_radius=&#8221;none&#8221; column_link_target=&#8221;_self&#8221; column_position=&#8221;default&#8221; gradient_direction=&#8221;left_to_right&#8221; overlay_strength=&#8221;0.3&#8243; width=&#8221;1\/2&#8243; tablet_width_inherit=&#8221;default&#8221; animation_type=&#8221;default&#8221; bg_image_animation=&#8221;none&#8221; border_type=&#8221;simple&#8221; column_border_width=&#8221;none&#8221; column_border_style=&#8221;solid&#8221; column_padding_type=&#8221;advanced&#8221; gradient_type=&#8221;default&#8221; offset=&#8221;vc_col-lg-6 vc_col-md-6 vc_col-xs-12&#8243;][vc_row_inner column_margin=&#8221;default&#8221; column_direction=&#8221;default&#8221; column_direction_tablet=&#8221;default&#8221; column_direction_phone=&#8221;default&#8221; text_align=&#8221;left&#8221; row_position=&#8221;default&#8221; row_position_tablet=&#8221;inherit&#8221; row_position_phone=&#8221;inherit&#8221; overflow=&#8221;visible&#8221; pointer_events=&#8221;all&#8221; css=&#8221;.vc_custom_1669077504202{margin-bottom: 0px !important;border-bottom-width: 0px !important;}&#8221;][vc_column_inner column_padding=&#8221;no-extra-padding&#8221; column_padding_tablet=&#8221;inherit&#8221; column_padding_phone=&#8221;inherit&#8221; column_padding_position=&#8221;all&#8221; bottom_margin=&#8221;0&#8243; bottom_margin_tablet=&#8221;0&#8243; bottom_margin_phone=&#8221;0&#8243; column_element_direction_desktop=&#8221;default&#8221; column_element_spacing=&#8221;default&#8221; desktop_text_alignment=&#8221;default&#8221; tablet_text_alignment=&#8221;default&#8221; phone_text_alignment=&#8221;default&#8221; background_color_opacity=&#8221;1&#8243; background_hover_color_opacity=&#8221;1&#8243; column_backdrop_filter=&#8221;none&#8221; column_shadow=&#8221;none&#8221; column_border_radius=&#8221;none&#8221; column_link_target=&#8221;_self&#8221; overflow=&#8221;visible&#8221; gradient_direction=&#8221;left_to_right&#8221; overlay_strength=&#8221;0.3&#8243; width=&#8221;1\/1&#8243; tablet_width_inherit=&#8221;default&#8221; animation_type=&#8221;default&#8221; enable_animation=&#8221;true&#8221; animation=&#8221;reveal-from-bottom&#8221; animation_easing=&#8221;default&#8221; bg_image_animation=&#8221;none&#8221; border_type=&#8221;simple&#8221; column_border_width=&#8221;none&#8221; column_border_style=&#8221;solid&#8221; column_padding_type=&#8221;default&#8221; gradient_type=&#8221;default&#8221;]                <div class=\"heading-widget-container \">\r\n            <div class=\"heading-wrapper\">\t\t\t\r\n                <div class=\"item-subtitle\">Environment and Energy<\/div>\t\t\r\n\t\t\t\t\t\t\t\t\t<h3 class=\"title\">Solutions for the Environment and Energy Industry<\/h3>\r\n\t\t\t\t            <\/div>\r\n        <\/div>\r\n        \t\r\n    [\/vc_column_inner][\/vc_row_inner][vc_row_inner column_margin=&#8221;default&#8221; column_direction=&#8221;default&#8221; column_direction_tablet=&#8221;default&#8221; column_direction_phone=&#8221;default&#8221; text_align=&#8221;left&#8221; row_position=&#8221;default&#8221; row_position_tablet=&#8221;inherit&#8221; row_position_phone=&#8221;inherit&#8221; overflow=&#8221;visible&#8221; pointer_events=&#8221;all&#8221;][vc_column_inner column_padding=&#8221;no-extra-padding&#8221; column_padding_tablet=&#8221;inherit&#8221; column_padding_phone=&#8221;inherit&#8221; column_padding_position=&#8221;all&#8221; column_element_direction_desktop=&#8221;default&#8221; column_element_spacing=&#8221;default&#8221; desktop_text_alignment=&#8221;default&#8221; tablet_text_alignment=&#8221;default&#8221; phone_text_alignment=&#8221;default&#8221; background_color_opacity=&#8221;1&#8243; background_hover_color_opacity=&#8221;1&#8243; column_backdrop_filter=&#8221;none&#8221; column_shadow=&#8221;none&#8221; column_border_radius=&#8221;none&#8221; column_link_target=&#8221;_self&#8221; overflow=&#8221;visible&#8221; gradient_direction=&#8221;left_to_right&#8221; overlay_strength=&#8221;0.3&#8243; width=&#8221;1\/1&#8243; tablet_width_inherit=&#8221;default&#8221; animation_type=&#8221;default&#8221; enable_animation=&#8221;true&#8221; animation=&#8221;reveal-from-bottom&#8221; animation_easing=&#8221;default&#8221; bg_image_animation=&#8221;none&#8221; border_type=&#8221;simple&#8221; column_border_width=&#8221;none&#8221; column_border_style=&#8221;solid&#8221; column_padding_type=&#8221;default&#8221; gradient_type=&#8221;default&#8221;][vc_column_text]We believe that our planet needs and deserves the best practices in the industry to make manufacturing more sustainable. We believe in the future of the green industry and want to be part of it by delivering the best solutions to various markets.[\/vc_column_text][\/vc_column_inner][\/vc_row_inner][vc_row_inner column_margin=&#8221;default&#8221; column_direction=&#8221;default&#8221; column_direction_tablet=&#8221;default&#8221; column_direction_phone=&#8221;default&#8221; top_padding=&#8221;20&#8243; text_align=&#8221;left&#8221; row_position=&#8221;default&#8221; row_position_tablet=&#8221;inherit&#8221; row_position_phone=&#8221;inherit&#8221; overflow=&#8221;visible&#8221; pointer_events=&#8221;all&#8221;][vc_column_inner column_padding=&#8221;no-extra-padding&#8221; column_padding_tablet=&#8221;inherit&#8221; column_padding_phone=&#8221;inherit&#8221; column_padding_position=&#8221;all&#8221; column_element_direction_desktop=&#8221;default&#8221; column_element_spacing=&#8221;default&#8221; desktop_text_alignment=&#8221;default&#8221; tablet_text_alignment=&#8221;default&#8221; phone_text_alignment=&#8221;default&#8221; background_color_opacity=&#8221;1&#8243; background_hover_color_opacity=&#8221;1&#8243; column_backdrop_filter=&#8221;none&#8221; column_shadow=&#8221;none&#8221; column_border_radius=&#8221;none&#8221; column_link_target=&#8221;_self&#8221; overflow=&#8221;visible&#8221; gradient_direction=&#8221;left_to_right&#8221; overlay_strength=&#8221;0.3&#8243; width=&#8221;1\/2&#8243; tablet_width_inherit=&#8221;default&#8221; animation_type=&#8221;default&#8221; enable_animation=&#8221;true&#8221; animation=&#8221;fade-in-from-bottom&#8221; animation_easing=&#8221;default&#8221; bg_image_animation=&#8221;none&#8221; border_type=&#8221;simple&#8221; column_border_width=&#8221;none&#8221; column_border_style=&#8221;solid&#8221;]<div class=\"nectar-fancy-ul\" data-list-icon=\"icon-salient-check\" data-animation=\"true\" data-animation-delay=\"0\" data-color=\"accent-color\" data-spacing=\"20px\" data-alignment=\"left\"> \n<ul>\n<li>Industrial and Waste Water Treatment;<\/li>\n<li>Reactors;<\/li>\n<li>Reservoirs for Hot Water Storage;<\/li>\n<\/ul>\n <\/div>[\/vc_column_inner][vc_column_inner column_padding=&#8221;no-extra-padding&#8221; column_padding_tablet=&#8221;inherit&#8221; column_padding_phone=&#8221;inherit&#8221; column_padding_position=&#8221;all&#8221; column_element_direction_desktop=&#8221;default&#8221; column_element_spacing=&#8221;default&#8221; desktop_text_alignment=&#8221;default&#8221; tablet_text_alignment=&#8221;default&#8221; phone_text_alignment=&#8221;default&#8221; background_color_opacity=&#8221;1&#8243; background_hover_color_opacity=&#8221;1&#8243; column_backdrop_filter=&#8221;none&#8221; column_shadow=&#8221;none&#8221; column_border_radius=&#8221;none&#8221; column_link_target=&#8221;_self&#8221; overflow=&#8221;visible&#8221; gradient_direction=&#8221;left_to_right&#8221; overlay_strength=&#8221;0.3&#8243; width=&#8221;1\/2&#8243; tablet_width_inherit=&#8221;default&#8221; animation_type=&#8221;default&#8221; enable_animation=&#8221;true&#8221; animation=&#8221;fade-in-from-bottom&#8221; animation_easing=&#8221;default&#8221; bg_image_animation=&#8221;none&#8221; border_type=&#8221;simple&#8221; column_border_width=&#8221;none&#8221; column_border_style=&#8221;solid&#8221;]<div class=\"nectar-fancy-ul\" data-list-icon=\"icon-salient-check\" data-animation=\"true\" data-animation-delay=\"0\" data-color=\"accent-color\" data-spacing=\"20px\" data-alignment=\"left\"> \n<ul>\n<li>Greywater Storage Tanks;<\/li>\n<li>Reservoirs for Industrial Water Storage.<\/li>\n<\/ul>\n <\/div>[\/vc_column_inner][\/vc_row_inner][vc_row_inner column_margin=&#8221;default&#8221; column_direction=&#8221;default&#8221; column_direction_tablet=&#8221;default&#8221; column_direction_phone=&#8221;default&#8221; text_align=&#8221;left&#8221; row_position=&#8221;default&#8221; row_position_tablet=&#8221;inherit&#8221; row_position_phone=&#8221;inherit&#8221; overflow=&#8221;visible&#8221; pointer_events=&#8221;all&#8221; css=&#8221;.vc_custom_1668617436192{margin-top: 45px !important;}&#8221;][vc_column_inner column_padding=&#8221;no-extra-padding&#8221; column_padding_tablet=&#8221;inherit&#8221; column_padding_phone=&#8221;inherit&#8221; column_padding_position=&#8221;all&#8221; column_element_direction_desktop=&#8221;default&#8221; column_element_spacing=&#8221;default&#8221; desktop_text_alignment=&#8221;default&#8221; tablet_text_alignment=&#8221;default&#8221; phone_text_alignment=&#8221;default&#8221; background_color_opacity=&#8221;1&#8243; background_hover_color_opacity=&#8221;1&#8243; column_backdrop_filter=&#8221;none&#8221; column_shadow=&#8221;none&#8221; column_border_radius=&#8221;none&#8221; column_link_target=&#8221;_self&#8221; overflow=&#8221;visible&#8221; gradient_direction=&#8221;left_to_right&#8221; overlay_strength=&#8221;0.3&#8243; width=&#8221;1\/1&#8243; tablet_width_inherit=&#8221;default&#8221; animation_type=&#8221;default&#8221; enable_animation=&#8221;true&#8221; animation=&#8221;fade-in-from-bottom&#8221; animation_easing=&#8221;default&#8221; bg_image_animation=&#8221;none&#8221; border_type=&#8221;simple&#8221; column_border_width=&#8221;none&#8221; column_border_style=&#8221;solid&#8221;][nectar_cta btn_style=&#8221;arrow-animation&#8221; heading_tag=&#8221;p&#8221; button_color=&#8221;accent-color&#8221; text_color=&#8221;#ffffff&#8221; button_border_thickness=&#8221;0px&#8221; link_type=&#8221;regular&#8221; alignment=&#8221;left&#8221; alignment_tablet=&#8221;default&#8221; alignment_phone=&#8221;default&#8221; display=&#8221;inline&#8221; display_tablet=&#8221;inherit&#8221; display_phone=&#8221;inherit&#8221; link_text=&#8221;Back to Equipments&#8221; url=&#8221;http:\/\/inox-aroes-wordpress-e8eef8-95-217-155-156.traefik.me\/en\/equipments\/&#8221; padding_top=&#8221;15&#8243; padding_right=&#8221;30&#8243; padding_bottom=&#8221;15&#8243; padding_left=&#8221;30&#8243;][\/vc_column_inner][\/vc_row_inner][\/vc_column][vc_column column_padding=&#8221;no-extra-padding&#8221; column_padding_tablet=&#8221;inherit&#8221; column_padding_phone=&#8221;inherit&#8221; column_padding_position=&#8221;all&#8221; column_element_direction_desktop=&#8221;default&#8221; column_element_spacing=&#8221;default&#8221; desktop_text_alignment=&#8221;default&#8221; tablet_text_alignment=&#8221;default&#8221; phone_text_alignment=&#8221;default&#8221; background_color_opacity=&#8221;1&#8243; background_hover_color_opacity=&#8221;1&#8243; column_backdrop_filter=&#8221;none&#8221; column_shadow=&#8221;none&#8221; column_border_radius=&#8221;none&#8221; column_link_target=&#8221;_self&#8221; column_position=&#8221;default&#8221; gradient_direction=&#8221;left_to_right&#8221; overlay_strength=&#8221;0.3&#8243; width=&#8221;1\/12&#8243; tablet_width_inherit=&#8221;default&#8221; animation_type=&#8221;default&#8221; bg_image_animation=&#8221;none&#8221; border_type=&#8221;simple&#8221; column_border_width=&#8221;none&#8221; column_border_style=&#8221;solid&#8221; column_padding_type=&#8221;default&#8221; gradient_type=&#8221;default&#8221; offset=&#8221;vc_col-lg-1 vc_col-md-1 vc_hidden-xs&#8221;][\/vc_column][vc_column column_padding=&#8221;no-extra-padding&#8221; column_padding_tablet=&#8221;inherit&#8221; column_padding_phone=&#8221;inherit&#8221; column_padding_position=&#8221;all&#8221; bottom_margin=&#8221;0&#8243; bottom_margin_tablet=&#8221;32&#8243; bottom_margin_phone=&#8221;32&#8243; column_element_direction_desktop=&#8221;default&#8221; column_element_spacing=&#8221;default&#8221; desktop_text_alignment=&#8221;center&#8221; tablet_text_alignment=&#8221;default&#8221; phone_text_alignment=&#8221;default&#8221; background_color_opacity=&#8221;1&#8243; background_hover_color_opacity=&#8221;1&#8243; column_backdrop_filter=&#8221;none&#8221; column_shadow=&#8221;none&#8221; column_border_radius=&#8221;none&#8221; column_link_target=&#8221;_self&#8221; column_position=&#8221;default&#8221; gradient_direction=&#8221;left_to_right&#8221; overlay_strength=&#8221;0.3&#8243; width=&#8221;5\/12&#8243; tablet_width_inherit=&#8221;default&#8221; animation_type=&#8221;default&#8221; enable_animation=&#8221;true&#8221; animation=&#8221;reveal-from-bottom&#8221; animation_easing=&#8221;default&#8221; bg_image_animation=&#8221;none&#8221; border_type=&#8221;simple&#8221; column_border_width=&#8221;none&#8221; column_border_style=&#8221;solid&#8221; column_padding_type=&#8221;default&#8221; gradient_type=&#8221;default&#8221; offset=&#8221;vc_col-lg-5 vc_col-md-5 vc_col-xs-12&#8243;][vc_gallery type=&#8221;flexslider_style&#8221; images=&#8221;6974,6973&#8243; onclick=&#8221;link_image&#8221; img_size=&#8221;800&#215;800&#8243;][\/vc_column][\/vc_row]\n","protected":false},"excerpt":{"rendered":"<p>[vc_row type=&#8221;full_width_content&#8221; full_screen_row_position=&#8221;middle&#8221; column_margin=&#8221;default&#8221; column_direction=&#8221;default&#8221; column_direction_tablet=&#8221;default&#8221; column_direction_phone=&#8221;default&#8221; scene_position=&#8221;center&#8221; text_color=&#8221;dark&#8221; text_align=&#8221;left&#8221; row_border_radius=&#8221;none&#8221; row_border_radius_applies=&#8221;bg&#8221; overflow=&#8221;visible&#8221; overlay_strength=&#8221;0.3&#8243; gradient_direction=&#8221;left_to_right&#8221; shape_divider_position=&#8221;bottom&#8221; bg_image_animation=&#8221;none&#8221; gradient_type=&#8221;default&#8221; shape_type=&#8221;&#8221;][vc_column column_padding=&#8221;no-extra-padding&#8221;&#8230;<\/p>\n","protected":false},"author":1,"featured_media":0,"parent":7082,"menu_order":0,"comment_status":"closed","ping_status":"closed","template":"","meta":{"footnotes":""},"class_list":["post-7076","page","type-page","status-publish"],"yoast_head":"<!-- This site is optimized with the Yoast SEO plugin v23.2 - https:\/\/yoast.com\/wordpress\/plugins\/seo\/ -->\n<title>Environment and Energy<\/title>\n<meta name=\"description\" content=\"We believe that our planet needs and deserves the best practices in the industry to make manufacturing more sustainable.\" \/>\n<meta name=\"robots\" content=\"index, follow, max-snippet:-1, max-image-preview:large, max-video-preview:-1\" \/>\n<link rel=\"canonical\" href=\"https:\/\/inoxaroes.pt\/en\/equipments\/environment-and-energy\/\" \/>\n<meta property=\"og:locale\" content=\"en_US\" \/>\n<meta property=\"og:type\" content=\"article\" \/>\n<meta property=\"og:title\" content=\"Environment and Energy\" \/>\n<meta property=\"og:description\" content=\"We believe that our planet needs and deserves the best practices in the industry to make manufacturing more sustainable.\" \/>\n<meta property=\"og:url\" content=\"https:\/\/inoxaroes.pt\/en\/equipments\/environment-and-energy\/\" \/>\n<meta property=\"og:site_name\" content=\"Inoxar\u00f5es\" \/>\n<meta property=\"article:publisher\" content=\"https:\/\/www.facebook.com\/inoxaroes2\" \/>\n<meta property=\"article:modified_time\" content=\"2024-03-01T15:32:54+00:00\" \/>\n<meta property=\"og:image\" content=\"https:\/\/inoxaroes.pt\/wp-content\/uploads\/2024\/02\/site-image.jpg\" \/>\n\t<meta property=\"og:image:width\" content=\"1201\" \/>\n\t<meta property=\"og:image:height\" content=\"676\" \/>\n\t<meta property=\"og:image:type\" content=\"image\/jpeg\" \/>\n<meta name=\"twitter:card\" content=\"summary_large_image\" \/>\n<meta name=\"twitter:label1\" content=\"Est. reading time\" \/>\n\t<meta name=\"twitter:data1\" content=\"3 minutes\" \/>\n<script type=\"application\/ld+json\" class=\"yoast-schema-graph\">{\"@context\":\"https:\/\/schema.org\",\"@graph\":[{\"@type\":\"WebPage\",\"@id\":\"https:\/\/inoxaroes.pt\/en\/equipments\/environment-and-energy\/\",\"url\":\"https:\/\/inoxaroes.pt\/en\/equipments\/environment-and-energy\/\",\"name\":\"Environment and Energy\",\"isPartOf\":{\"@id\":\"https:\/\/inoxaroes.pt\/#website\"},\"datePublished\":\"2022-11-16T22:17:41+00:00\",\"dateModified\":\"2024-03-01T15:32:54+00:00\",\"description\":\"We believe that our planet needs and deserves the best practices in the industry to make manufacturing more sustainable.\",\"breadcrumb\":{\"@id\":\"https:\/\/inoxaroes.pt\/en\/equipments\/environment-and-energy\/#breadcrumb\"},\"inLanguage\":\"en-US\",\"potentialAction\":[{\"@type\":\"ReadAction\",\"target\":[\"https:\/\/inoxaroes.pt\/en\/equipments\/environment-and-energy\/\"]}]},{\"@type\":\"BreadcrumbList\",\"@id\":\"https:\/\/inoxaroes.pt\/en\/equipments\/environment-and-energy\/#breadcrumb\",\"itemListElement\":[{\"@type\":\"ListItem\",\"position\":1,\"name\":\"In\u00edcio\",\"item\":\"https:\/\/inoxaroes.pt\/en\/\"},{\"@type\":\"ListItem\",\"position\":2,\"name\":\"Equipments\",\"item\":\"https:\/\/inoxaroes.pt\/en\/equipments\/\"},{\"@type\":\"ListItem\",\"position\":3,\"name\":\"Environment and Energy\"}]},{\"@type\":\"WebSite\",\"@id\":\"https:\/\/inoxaroes.pt\/#website\",\"url\":\"https:\/\/inoxaroes.pt\/\",\"name\":\"Inoxar\u00f5es\",\"description\":\"Constru\u00e7\u00f5es em A\u00e7o Inox\",\"publisher\":{\"@id\":\"https:\/\/inoxaroes.pt\/#organization\"},\"alternateName\":\"Inoxar\u00f5es \u2013 Constru\u00e7\u00f5es Em A\u00e7o Inox e A\u00e7o Macio, Lda\",\"potentialAction\":[{\"@type\":\"SearchAction\",\"target\":{\"@type\":\"EntryPoint\",\"urlTemplate\":\"https:\/\/inoxaroes.pt\/?s={search_term_string}\"},\"query-input\":\"required name=search_term_string\"}],\"inLanguage\":\"en-US\"},{\"@type\":\"Organization\",\"@id\":\"https:\/\/inoxaroes.pt\/#organization\",\"name\":\"Inoxar\u00f5es \u2013 Constru\u00e7\u00f5es Em A\u00e7o Inox e A\u00e7o Macio, Lda\",\"alternateName\":\"Inoxar\u00f5es \u2013 Constru\u00e7\u00f5es Em A\u00e7o Inox e A\u00e7o Macio, Lda\",\"url\":\"https:\/\/inoxaroes.pt\/\",\"logo\":{\"@type\":\"ImageObject\",\"inLanguage\":\"en-US\",\"@id\":\"https:\/\/inoxaroes.pt\/#\/schema\/logo\/image\/\",\"url\":\"http:\/\/inox-aroes-wordpress-e8eef8-95-217-155-156.traefik.me\/wp-content\/uploads\/2024\/02\/organization-logo.jpg\",\"contentUrl\":\"http:\/\/inox-aroes-wordpress-e8eef8-95-217-155-156.traefik.me\/wp-content\/uploads\/2024\/02\/organization-logo.jpg\",\"width\":697,\"height\":696,\"caption\":\"Inoxar\u00f5es \u2013 Constru\u00e7\u00f5es Em A\u00e7o Inox e A\u00e7o Macio, Lda\"},\"image\":{\"@id\":\"https:\/\/inoxaroes.pt\/#\/schema\/logo\/image\/\"},\"sameAs\":[\"https:\/\/www.facebook.com\/inoxaroes2\",\"https:\/\/www.linkedin.com\/company\/inoxares-lda\/\"]}]}<\/script>\n<!-- \/ Yoast SEO plugin. -->","yoast_head_json":{"title":"Environment and Energy","description":"We believe that our planet needs and deserves the best practices in the industry to make manufacturing more sustainable.","robots":{"index":"index","follow":"follow","max-snippet":"max-snippet:-1","max-image-preview":"max-image-preview:large","max-video-preview":"max-video-preview:-1"},"canonical":"https:\/\/inoxaroes.pt\/en\/equipments\/environment-and-energy\/","og_locale":"en_US","og_type":"article","og_title":"Environment and Energy","og_description":"We believe that our planet needs and deserves the best practices in the industry to make manufacturing more sustainable.","og_url":"https:\/\/inoxaroes.pt\/en\/equipments\/environment-and-energy\/","og_site_name":"Inoxar\u00f5es","article_publisher":"https:\/\/www.facebook.com\/inoxaroes2","article_modified_time":"2024-03-01T15:32:54+00:00","og_image":[{"width":1201,"height":676,"url":"https:\/\/inoxaroes.pt\/wp-content\/uploads\/2024\/02\/site-image.jpg","type":"image\/jpeg"}],"twitter_card":"summary_large_image","twitter_misc":{"Est. reading time":"3 minutes"},"schema":{"@context":"https:\/\/schema.org","@graph":[{"@type":"WebPage","@id":"https:\/\/inoxaroes.pt\/en\/equipments\/environment-and-energy\/","url":"https:\/\/inoxaroes.pt\/en\/equipments\/environment-and-energy\/","name":"Environment and Energy","isPartOf":{"@id":"https:\/\/inoxaroes.pt\/#website"},"datePublished":"2022-11-16T22:17:41+00:00","dateModified":"2024-03-01T15:32:54+00:00","description":"We believe that our planet needs and deserves the best practices in the industry to make manufacturing more sustainable.","breadcrumb":{"@id":"https:\/\/inoxaroes.pt\/en\/equipments\/environment-and-energy\/#breadcrumb"},"inLanguage":"en-US","potentialAction":[{"@type":"ReadAction","target":["https:\/\/inoxaroes.pt\/en\/equipments\/environment-and-energy\/"]}]},{"@type":"BreadcrumbList","@id":"https:\/\/inoxaroes.pt\/en\/equipments\/environment-and-energy\/#breadcrumb","itemListElement":[{"@type":"ListItem","position":1,"name":"In\u00edcio","item":"https:\/\/inoxaroes.pt\/en\/"},{"@type":"ListItem","position":2,"name":"Equipments","item":"https:\/\/inoxaroes.pt\/en\/equipments\/"},{"@type":"ListItem","position":3,"name":"Environment and Energy"}]},{"@type":"WebSite","@id":"https:\/\/inoxaroes.pt\/#website","url":"https:\/\/inoxaroes.pt\/","name":"Inoxar\u00f5es","description":"Constru\u00e7\u00f5es em A\u00e7o Inox","publisher":{"@id":"https:\/\/inoxaroes.pt\/#organization"},"alternateName":"Inoxar\u00f5es \u2013 Constru\u00e7\u00f5es Em A\u00e7o Inox e A\u00e7o Macio, Lda","potentialAction":[{"@type":"SearchAction","target":{"@type":"EntryPoint","urlTemplate":"https:\/\/inoxaroes.pt\/?s={search_term_string}"},"query-input":"required name=search_term_string"}],"inLanguage":"en-US"},{"@type":"Organization","@id":"https:\/\/inoxaroes.pt\/#organization","name":"Inoxar\u00f5es \u2013 Constru\u00e7\u00f5es Em A\u00e7o Inox e A\u00e7o Macio, Lda","alternateName":"Inoxar\u00f5es \u2013 Constru\u00e7\u00f5es Em A\u00e7o Inox e A\u00e7o Macio, Lda","url":"https:\/\/inoxaroes.pt\/","logo":{"@type":"ImageObject","inLanguage":"en-US","@id":"https:\/\/inoxaroes.pt\/#\/schema\/logo\/image\/","url":"http:\/\/inox-aroes-wordpress-e8eef8-95-217-155-156.traefik.me\/wp-content\/uploads\/2024\/02\/organization-logo.jpg","contentUrl":"http:\/\/inox-aroes-wordpress-e8eef8-95-217-155-156.traefik.me\/wp-content\/uploads\/2024\/02\/organization-logo.jpg","width":697,"height":696,"caption":"Inoxar\u00f5es \u2013 Constru\u00e7\u00f5es Em A\u00e7o Inox e A\u00e7o Macio, Lda"},"image":{"@id":"https:\/\/inoxaroes.pt\/#\/schema\/logo\/image\/"},"sameAs":["https:\/\/www.facebook.com\/inoxaroes2","https:\/\/www.linkedin.com\/company\/inoxares-lda\/"]}]}},"_links":{"self":[{"href":"https:\/\/inoxaroes.pt\/en\/wp-json\/wp\/v2\/pages\/7076","targetHints":{"allow":["GET"]}}],"collection":[{"href":"https:\/\/inoxaroes.pt\/en\/wp-json\/wp\/v2\/pages"}],"about":[{"href":"https:\/\/inoxaroes.pt\/en\/wp-json\/wp\/v2\/types\/page"}],"author":[{"embeddable":true,"href":"https:\/\/inoxaroes.pt\/en\/wp-json\/wp\/v2\/users\/1"}],"replies":[{"embeddable":true,"href":"https:\/\/inoxaroes.pt\/en\/wp-json\/wp\/v2\/comments?post=7076"}],"version-history":[{"count":6,"href":"https:\/\/inoxaroes.pt\/en\/wp-json\/wp\/v2\/pages\/7076\/revisions"}],"predecessor-version":[{"id":7190,"href":"https:\/\/inoxaroes.pt\/en\/wp-json\/wp\/v2\/pages\/7076\/revisions\/7190"}],"up":[{"embeddable":true,"href":"https:\/\/inoxaroes.pt\/en\/wp-json\/wp\/v2\/pages\/7082"}],"wp:attachment":[{"href":"https:\/\/inoxaroes.pt\/en\/wp-json\/wp\/v2\/media?parent=7076"}],"curies":[{"name":"wp","href":"https:\/\/api.w.org\/{rel}","templated":true}]}}