{"id":7043,"date":"2022-11-15T23:14:08","date_gmt":"2022-11-15T23:14:08","guid":{"rendered":"http:\/\/inox-aroes-wordpress-e8eef8-95-217-155-156.traefik.me\/?page_id=7043"},"modified":"2024-03-01T15:18:01","modified_gmt":"2024-03-01T15:18:01","slug":"contacts","status":"publish","type":"page","link":"https:\/\/inoxaroes.pt\/en\/contacts\/","title":{"rendered":"Contacts"},"content":{"rendered":"[vc_row type=&#8221;full_width_content&#8221; full_screen_row_position=&#8221;middle&#8221; column_margin=&#8221;default&#8221; column_direction=&#8221;default&#8221; column_direction_tablet=&#8221;default&#8221; column_direction_phone=&#8221;default&#8221; scene_position=&#8221;center&#8221; text_color=&#8221;dark&#8221; text_align=&#8221;left&#8221; row_border_radius=&#8221;none&#8221; row_border_radius_applies=&#8221;bg&#8221; overflow=&#8221;visible&#8221; overlay_strength=&#8221;0.3&#8243; gradient_direction=&#8221;left_to_right&#8221; shape_divider_position=&#8221;bottom&#8221; bg_image_animation=&#8221;none&#8221; gradient_type=&#8221;default&#8221; shape_type=&#8221;&#8221;][vc_column column_padding=&#8221;no-extra-padding&#8221; column_padding_tablet=&#8221;inherit&#8221; column_padding_phone=&#8221;inherit&#8221; column_padding_position=&#8221;all&#8221; column_element_direction_desktop=&#8221;default&#8221; column_element_spacing=&#8221;default&#8221; desktop_text_alignment=&#8221;default&#8221; tablet_text_alignment=&#8221;default&#8221; phone_text_alignment=&#8221;default&#8221; background_color_opacity=&#8221;1&#8243; background_hover_color_opacity=&#8221;1&#8243; column_backdrop_filter=&#8221;none&#8221; column_shadow=&#8221;none&#8221; column_border_radius=&#8221;none&#8221; column_link_target=&#8221;_self&#8221; column_position=&#8221;default&#8221; gradient_direction=&#8221;left_to_right&#8221; overlay_strength=&#8221;0.3&#8243; width=&#8221;1\/1&#8243; tablet_width_inherit=&#8221;default&#8221; animation_type=&#8221;default&#8221; bg_image_animation=&#8221;none&#8221; border_type=&#8221;simple&#8221; column_border_width=&#8221;none&#8221; column_border_style=&#8221;solid&#8221;]\t\t<div class=\"breadcrumb-container\">\r\n\t\t\t<div class=\"container normal-container\">\r\n\t\t\t\t<!-- Breadcrumb NavXT 7.3.1 -->\n<span property=\"itemListElement\" typeof=\"ListItem\"><a property=\"item\" typeof=\"WebPage\" title=\"Go to Inoxar\u00f5es.\" href=\"https:\/\/inoxaroes.pt\/en\/\" class=\"home\" aria-current=\"page\"><span property=\"name\">Inoxar\u00f5es<\/span><\/a><meta property=\"position\" content=\"1\"><\/span>\t\t\t<\/div>\r\n\t\t<\/div>\r\n    [\/vc_column][\/vc_row][vc_row type=&#8221;full_width_background&#8221; full_screen_row_position=&#8221;middle&#8221; column_margin=&#8221;default&#8221; column_direction=&#8221;default&#8221; column_direction_tablet=&#8221;default&#8221; column_direction_phone=&#8221;default&#8221; scene_position=&#8221;center&#8221; top_padding=&#8221;120&#8243; bottom_padding=&#8221;120&#8243; text_color=&#8221;dark&#8221; text_align=&#8221;left&#8221; row_border_radius=&#8221;none&#8221; row_border_radius_applies=&#8221;bg&#8221; overflow=&#8221;visible&#8221; overlay_strength=&#8221;0.3&#8243; gradient_direction=&#8221;left_to_right&#8221; shape_divider_position=&#8221;bottom&#8221; bg_image_animation=&#8221;none&#8221; gradient_type=&#8221;default&#8221; shape_type=&#8221;&#8221;][vc_column column_padding=&#8221;no-extra-padding&#8221; column_padding_tablet=&#8221;inherit&#8221; column_padding_phone=&#8221;inherit&#8221; column_padding_position=&#8221;all&#8221; column_element_direction_desktop=&#8221;default&#8221; column_element_spacing=&#8221;default&#8221; desktop_text_alignment=&#8221;default&#8221; tablet_text_alignment=&#8221;default&#8221; phone_text_alignment=&#8221;default&#8221; background_color_opacity=&#8221;1&#8243; background_hover_color_opacity=&#8221;1&#8243; column_backdrop_filter=&#8221;none&#8221; column_shadow=&#8221;none&#8221; column_border_radius=&#8221;none&#8221; column_link_target=&#8221;_self&#8221; column_position=&#8221;default&#8221; gradient_direction=&#8221;left_to_right&#8221; overlay_strength=&#8221;0.3&#8243; width=&#8221;1\/1&#8243; tablet_width_inherit=&#8221;default&#8221; animation_type=&#8221;default&#8221; bg_image_animation=&#8221;none&#8221; border_type=&#8221;simple&#8221; column_border_width=&#8221;none&#8221; column_border_style=&#8221;solid&#8221;][vc_row_inner column_margin=&#8221;60px&#8221; column_direction=&#8221;default&#8221; column_direction_tablet=&#8221;default&#8221; column_direction_phone=&#8221;default&#8221; text_align=&#8221;left&#8221; row_position=&#8221;default&#8221; row_position_tablet=&#8221;inherit&#8221; row_position_phone=&#8221;inherit&#8221; overflow=&#8221;visible&#8221; pointer_events=&#8221;all&#8221;][vc_column_inner top_padding_desktop=&#8221;55&#8243; bottom_padding_desktop=&#8221;55&#8243; left_padding_desktop=&#8221;45&#8243; right_padding_desktop=&#8221;45&#8243; bottom_margin_tablet=&#8221;60&#8243; bottom_margin_phone=&#8221;60&#8243; column_element_direction_desktop=&#8221;default&#8221; column_element_spacing=&#8221;default&#8221; desktop_text_alignment=&#8221;default&#8221; tablet_text_alignment=&#8221;default&#8221; phone_text_alignment=&#8221;default&#8221; background_color_opacity=&#8221;1&#8243; background_hover_color_opacity=&#8221;1&#8243; column_backdrop_filter=&#8221;none&#8221; column_shadow=&#8221;none&#8221; column_border_radius=&#8221;none&#8221; column_link_target=&#8221;_self&#8221; overflow=&#8221;visible&#8221; gradient_direction=&#8221;left_to_right&#8221; overlay_strength=&#8221;0.3&#8243; width=&#8221;1\/1&#8243; tablet_width_inherit=&#8221;default&#8221; animation_type=&#8221;default&#8221; enable_animation=&#8221;true&#8221; animation=&#8221;reveal-from-left&#8221; animation_easing=&#8221;default&#8221; bg_image_animation=&#8221;none&#8221; border_type=&#8221;simple&#8221; column_border_width=&#8221;1px&#8221; column_border_color=&#8221;#ededed&#8221; column_border_style=&#8221;solid&#8221; column_padding_type=&#8221;advanced&#8221; gradient_type=&#8221;default&#8221; offset=&#8221;vc_col-lg-6 vc_col-md-6 vc_col-xs-12&#8243;]                <div class=\"heading-widget-container \">\r\n            <div class=\"heading-wrapper\">\t\t\t\r\n                <div class=\"item-subtitle\">Information<\/div>\t\t\r\n\t\t\t\t\t\t\t\t\t<h4 class=\"title\">Get in Touch<\/h4>\r\n\t\t\t\t            <\/div>\r\n        <\/div>\r\n        \t\r\n    [vc_column_text css=&#8221;.vc_custom_1709230793398{margin-bottom: 50px !important;}&#8221;]\n<p class=\"sub-title-header-style-1\">To clarify any doubts about a product or service, please contact us, and our team will respond promptly.<\/p>\n[\/vc_column_text]\r\n        <div class=\"info-box-icon middle normal\">\r\n            <div class=\"main-body\">\r\n                \t\t\t\t\t\t<div class=\"icon-wrapper\">\r\n\t\t\t\t\t\t\t\t\r\n\t\t\t\t\t\t\t\t\t\t\r\n\t\t\t\t\t\t\t\t\t\t\t\t\t\t\t\t\t\t\t<i class=\"nectar-menu-icon fa fa-map-marker\" style=\"font-size: 30px; line-height: 30px;\"><\/i>\r\n\t\t\t\t\t\t\t\t\t\t\t\r\n\t\t\t\t\t\t\t\t\t\r\n\t\t\t\t\t\t<\/div>\r\n                                                    <div class=\"info-wrapper\">\r\n                                                    <p class=\"title uppercase\">Address<\/p>\r\n                                                                            <div class=\"desc\"><p>Z.I. da Fontanheira, Av. Ferreira de Castro,<br \/>\n1471 Carregosa 3720-024,<br \/>\nOliveira de Azem\u00e9is<\/p>\n<p><strong><a href=\"https:\/\/www.google.com\/maps\/dir\/40.8909902,-8.4314884\">Get Directions<\/a><\/strong><\/p>\n<\/div>\r\n                        \t\t\t\t\t\t                    <\/div>\r\n                            <\/div>\t\r\n        <\/div>\t\r\n\r\n    [divider line_type=&#8221;Full Width Line&#8221; line_thickness=&#8221;1&#8243; divider_color=&#8221;default&#8221; custom_height=&#8221;60&#8243;]\r\n        <div class=\"info-box-icon middle normal\">\r\n            <div class=\"main-body\">\r\n                \t\t\t\t\t\t<div class=\"icon-wrapper\">\r\n\t\t\t\t\t\t\t\t\r\n\t\t\t\t\t\t\t\t\t\t\r\n\t\t\t\t\t\t\t\t\t\t\t\t\t\t\t\t\t\t\t<i class=\"nectar-menu-icon fa fa-envelope\" style=\"font-size: 22px; line-height: 22px;\"><\/i>\r\n\t\t\t\t\t\t\t\t\t\t\t\r\n\t\t\t\t\t\t\t\t\t\r\n\t\t\t\t\t\t<\/div>\r\n                                                    <div class=\"info-wrapper\">\r\n                                                    <p class=\"title uppercase\">Email<\/p>\r\n                                                                            <div class=\"desc\"><p><strong><a href=\"mailto:geral@inoxaroes.pt\">geral@inoxaroes.pt<\/a><\/strong><\/p>\n<\/div>\r\n                        \t\t\t\t\t\t                    <\/div>\r\n                            <\/div>\t\r\n        <\/div>\t\r\n\r\n    [divider line_type=&#8221;Full Width Line&#8221; line_thickness=&#8221;1&#8243; divider_color=&#8221;default&#8221; custom_height=&#8221;60&#8243;]\r\n        <div class=\"info-box-icon middle normal\">\r\n            <div class=\"main-body\">\r\n                \t\t\t\t\t\t<div class=\"icon-wrapper\">\r\n\t\t\t\t\t\t\t\t\r\n\t\t\t\t\t\t\t\t\t\t\r\n\t\t\t\t\t\t\t\t\t\t\t\t\t\t\t\t\t\t\t<i class=\"nectar-menu-icon fa-solid fa-phone\" style=\"font-size: px; line-height: px;\"><\/i>\r\n\t\t\t\t\t\t\t\t\t\t\t\r\n\t\t\t\t\t\t\t\t\t\r\n\t\t\t\t\t\t<\/div>\r\n                                                    <div class=\"info-wrapper\">\r\n                                                    <p class=\"title uppercase\">Call<\/p>\r\n                                                                            <div class=\"desc\"><p>Tel. <strong><a href=\"tel: +351 256 402 246\">+351 256 402 246<\/a><\/strong><br \/>\n*Call to the national landline network<\/p>\n<\/div>\r\n                        \t\t\t\t\t\t                    <\/div>\r\n                            <\/div>\t\r\n        <\/div>\t\r\n\r\n    [\/vc_column_inner][vc_column_inner top_padding_desktop=&#8221;55&#8243; bottom_padding_desktop=&#8221;55&#8243; left_padding_desktop=&#8221;45&#8243; right_padding_desktop=&#8221;45&#8243; column_element_direction_desktop=&#8221;default&#8221; column_element_spacing=&#8221;default&#8221; desktop_text_alignment=&#8221;default&#8221; tablet_text_alignment=&#8221;default&#8221; phone_text_alignment=&#8221;default&#8221; background_color=&#8221;#fafafa&#8221; background_color_opacity=&#8221;1&#8243; background_hover_color_opacity=&#8221;1&#8243; column_backdrop_filter=&#8221;none&#8221; column_shadow=&#8221;none&#8221; column_border_radius=&#8221;none&#8221; column_link_target=&#8221;_self&#8221; overflow=&#8221;visible&#8221; gradient_direction=&#8221;left_to_right&#8221; overlay_strength=&#8221;0.3&#8243; width=&#8221;1\/1&#8243; tablet_width_inherit=&#8221;default&#8221; animation_type=&#8221;default&#8221; enable_animation=&#8221;true&#8221; animation=&#8221;reveal-from-right&#8221; animation_easing=&#8221;default&#8221; bg_image_animation=&#8221;none&#8221; border_type=&#8221;simple&#8221; column_border_width=&#8221;none&#8221; column_border_style=&#8221;solid&#8221; column_padding_type=&#8221;advanced&#8221; gradient_type=&#8221;default&#8221; offset=&#8221;vc_col-lg-6 vc_col-md-6 vc_col-xs-12&#8243;]                <div class=\"heading-widget-container \">\r\n            <div class=\"heading-wrapper\">\t\t\t\r\n                <div class=\"item-subtitle\">Contact Form<\/div>\t\t\r\n\t\t\t\t\t\t\t\t\t<h4 class=\"title\">Leave Us a Message<\/h4>\r\n\t\t\t\t            <\/div>\r\n        <\/div>\r\n        \t\r\n    [divider line_type=&#8221;No Line&#8221; custom_height=&#8221;15&#8243;]\n<div class=\"wpcf7 no-js\" id=\"wpcf7-f7118-o1\" lang=\"en-US\" dir=\"ltr\">\n<div class=\"screen-reader-response\"><p role=\"status\" aria-live=\"polite\" aria-atomic=\"true\"><\/p> <ul><\/ul><\/div>\n<form action=\"\/en\/wp-json\/wp\/v2\/pages\/7043#wpcf7-f7118-o1\" method=\"post\" class=\"wpcf7-form init\" aria-label=\"Contact form\" novalidate=\"novalidate\" data-status=\"init\">\n<div style=\"display: none;\">\n<input type=\"hidden\" name=\"_wpcf7\" value=\"7118\" \/>\n<input type=\"hidden\" name=\"_wpcf7_version\" value=\"5.8.7\" \/>\n<input type=\"hidden\" name=\"_wpcf7_locale\" value=\"en_US\" \/>\n<input type=\"hidden\" name=\"_wpcf7_unit_tag\" value=\"wpcf7-f7118-o1\" \/>\n<input type=\"hidden\" name=\"_wpcf7_container_post\" value=\"0\" \/>\n<input type=\"hidden\" name=\"_wpcf7_posted_data_hash\" value=\"\" \/>\n<input type=\"hidden\" name=\"_wpcf7_recaptcha_response\" value=\"\" \/>\n<\/div>\n<div class=\"form-grid\">\n\t<div class=\"form-wrapper\">\n\t\t<p><span class=\"wpcf7-form-control-wrap\" data-name=\"nome\"><input size=\"40\" class=\"wpcf7-form-control wpcf7-text wpcf7-validates-as-required\" aria-required=\"true\" aria-invalid=\"false\" placeholder=\"Name\" value=\"\" type=\"text\" name=\"nome\" \/><\/span>\n\t\t<\/p>\n\t<\/div>\n\t<div class=\"form-col-2\">\n\t\t<div class=\"form-wrapper\">\n\t\t\t<p><span class=\"wpcf7-form-control-wrap\" data-name=\"email\"><input size=\"40\" class=\"wpcf7-form-control wpcf7-email wpcf7-validates-as-required wpcf7-text wpcf7-validates-as-email\" aria-required=\"true\" aria-invalid=\"false\" placeholder=\"Email\" value=\"\" type=\"email\" name=\"email\" \/><\/span>\n\t\t\t<\/p>\n\t\t<\/div>\n\t\t<div class=\"form-wrapper\">\n\t\t\t<p><span class=\"wpcf7-form-control-wrap\" data-name=\"telefone\"><input size=\"40\" class=\"wpcf7-form-control wpcf7-tel wpcf7-validates-as-required wpcf7-text wpcf7-validates-as-tel\" aria-required=\"true\" aria-invalid=\"false\" placeholder=\"Telephone\" value=\"\" type=\"tel\" name=\"telefone\" \/><\/span>\n\t\t\t<\/p>\n\t\t<\/div>\n\t<\/div>\n\t<div class=\"form-wrapper\">\n\t\t<p><span class=\"wpcf7-form-control-wrap\" data-name=\"assunto\"><input size=\"40\" class=\"wpcf7-form-control wpcf7-text wpcf7-validates-as-required\" aria-required=\"true\" aria-invalid=\"false\" placeholder=\"Subject\" value=\"\" type=\"text\" name=\"assunto\" \/><\/span>\n\t\t<\/p>\n\t<\/div>\n\t<div class=\"form-wrapper\">\n\t\t<p><span class=\"wpcf7-form-control-wrap\" data-name=\"observacoes\"><textarea cols=\"40\" rows=\"10\" class=\"wpcf7-form-control wpcf7-textarea\" aria-invalid=\"false\" placeholder=\"Observations\" name=\"observacoes\"><\/textarea><\/span>\n\t\t<\/p>\n\t<\/div>\n\t<div class=\"checkbox-control\">\n\t\t<p><span class=\"wpcf7-form-control-wrap\" data-name=\"aceitar_rgpd\"><span class=\"wpcf7-form-control wpcf7-acceptance\"><span class=\"wpcf7-list-item\"><label><input type=\"checkbox\" name=\"aceitar_rgpd\" value=\"1\" aria-invalid=\"false\" \/><span class=\"wpcf7-list-item-label\">I have read, accepted, and agreed to the <a href=\"\/http:\/\/inox-aroes-wordpress-e8eef8-95-217-155-156.traefik.me\/politicas-de-privacidade\/\" target=\"_blank\">privacy policy.<\/a><\/span><\/label><\/span><\/span><\/span>\n\t\t<\/p>\n\t<\/div>\n\t<div class=\"form-wrapper margin-bottom-0\">\n\t\t<p><input class=\"wpcf7-form-control wpcf7-submit has-spinner\" type=\"submit\" value=\"Send Message\" \/>\n\t\t<\/p>\n\t<\/div>\n<\/div><div class=\"wpcf7-response-output\" aria-hidden=\"true\"><\/div>\n<\/form>\n<\/div>\n[\/vc_column_inner][\/vc_row_inner][\/vc_column][\/vc_row]\n","protected":false},"excerpt":{"rendered":"<p>[vc_row type=&#8221;full_width_content&#8221; full_screen_row_position=&#8221;middle&#8221; column_margin=&#8221;default&#8221; column_direction=&#8221;default&#8221; column_direction_tablet=&#8221;default&#8221; column_direction_phone=&#8221;default&#8221; scene_position=&#8221;center&#8221; text_color=&#8221;dark&#8221; text_align=&#8221;left&#8221; row_border_radius=&#8221;none&#8221; row_border_radius_applies=&#8221;bg&#8221; overflow=&#8221;visible&#8221; overlay_strength=&#8221;0.3&#8243; gradient_direction=&#8221;left_to_right&#8221; shape_divider_position=&#8221;bottom&#8221; bg_image_animation=&#8221;none&#8221; gradient_type=&#8221;default&#8221; shape_type=&#8221;&#8221;][vc_column column_padding=&#8221;no-extra-padding&#8221;&#8230;<\/p>\n","protected":false},"author":1,"featured_media":0,"parent":0,"menu_order":0,"comment_status":"closed","ping_status":"closed","template":"","meta":{"footnotes":""},"class_list":["post-7043","page","type-page","status-publish"],"yoast_head":"<!-- This site is optimized with the Yoast SEO plugin v23.2 - https:\/\/yoast.com\/wordpress\/plugins\/seo\/ -->\n<title>Contacts<\/title>\n<meta name=\"description\" content=\"To clarify any doubts about a product or service, please contact us, and our team will respond promptly.\" \/>\n<meta name=\"robots\" content=\"index, follow, max-snippet:-1, max-image-preview:large, max-video-preview:-1\" \/>\n<link rel=\"canonical\" href=\"https:\/\/inoxaroes.pt\/en\/contacts\/\" \/>\n<meta property=\"og:locale\" content=\"en_US\" \/>\n<meta property=\"og:type\" content=\"article\" \/>\n<meta property=\"og:title\" content=\"Contacts\" \/>\n<meta property=\"og:description\" content=\"To clarify any doubts about a product or service, please contact us, and our team will respond promptly.\" \/>\n<meta property=\"og:url\" content=\"https:\/\/inoxaroes.pt\/en\/contacts\/\" \/>\n<meta property=\"og:site_name\" content=\"Inoxar\u00f5es\" \/>\n<meta property=\"article:publisher\" content=\"https:\/\/www.facebook.com\/inoxaroes2\" \/>\n<meta property=\"article:modified_time\" content=\"2024-03-01T15:18:01+00:00\" \/>\n<meta property=\"og:image\" content=\"https:\/\/inoxaroes.pt\/wp-content\/uploads\/2024\/02\/site-image.jpg\" \/>\n\t<meta property=\"og:image:width\" content=\"1201\" \/>\n\t<meta property=\"og:image:height\" content=\"676\" \/>\n\t<meta property=\"og:image:type\" content=\"image\/jpeg\" \/>\n<meta name=\"twitter:card\" content=\"summary_large_image\" \/>\n<meta name=\"twitter:label1\" content=\"Est. reading time\" \/>\n\t<meta name=\"twitter:data1\" content=\"2 minutes\" \/>\n<script type=\"application\/ld+json\" class=\"yoast-schema-graph\">{\"@context\":\"https:\/\/schema.org\",\"@graph\":[{\"@type\":\"WebPage\",\"@id\":\"https:\/\/inoxaroes.pt\/en\/contacts\/\",\"url\":\"https:\/\/inoxaroes.pt\/en\/contacts\/\",\"name\":\"Contacts\",\"isPartOf\":{\"@id\":\"https:\/\/inoxaroes.pt\/#website\"},\"datePublished\":\"2022-11-15T23:14:08+00:00\",\"dateModified\":\"2024-03-01T15:18:01+00:00\",\"description\":\"To clarify any doubts about a product or service, please contact us, and our team will respond promptly.\",\"breadcrumb\":{\"@id\":\"https:\/\/inoxaroes.pt\/en\/contacts\/#breadcrumb\"},\"inLanguage\":\"en-US\",\"potentialAction\":[{\"@type\":\"ReadAction\",\"target\":[\"https:\/\/inoxaroes.pt\/en\/contacts\/\"]}]},{\"@type\":\"BreadcrumbList\",\"@id\":\"https:\/\/inoxaroes.pt\/en\/contacts\/#breadcrumb\",\"itemListElement\":[{\"@type\":\"ListItem\",\"position\":1,\"name\":\"In\u00edcio\",\"item\":\"https:\/\/inoxaroes.pt\/en\/\"},{\"@type\":\"ListItem\",\"position\":2,\"name\":\"Contacts\"}]},{\"@type\":\"WebSite\",\"@id\":\"https:\/\/inoxaroes.pt\/#website\",\"url\":\"https:\/\/inoxaroes.pt\/\",\"name\":\"Inoxar\u00f5es\",\"description\":\"Constru\u00e7\u00f5es em A\u00e7o Inox\",\"publisher\":{\"@id\":\"https:\/\/inoxaroes.pt\/#organization\"},\"alternateName\":\"Inoxar\u00f5es \u2013 Constru\u00e7\u00f5es Em A\u00e7o Inox e A\u00e7o Macio, Lda\",\"potentialAction\":[{\"@type\":\"SearchAction\",\"target\":{\"@type\":\"EntryPoint\",\"urlTemplate\":\"https:\/\/inoxaroes.pt\/?s={search_term_string}\"},\"query-input\":\"required name=search_term_string\"}],\"inLanguage\":\"en-US\"},{\"@type\":\"Organization\",\"@id\":\"https:\/\/inoxaroes.pt\/#organization\",\"name\":\"Inoxar\u00f5es \u2013 Constru\u00e7\u00f5es Em A\u00e7o Inox e A\u00e7o Macio, Lda\",\"alternateName\":\"Inoxar\u00f5es \u2013 Constru\u00e7\u00f5es Em A\u00e7o Inox e A\u00e7o Macio, Lda\",\"url\":\"https:\/\/inoxaroes.pt\/\",\"logo\":{\"@type\":\"ImageObject\",\"inLanguage\":\"en-US\",\"@id\":\"https:\/\/inoxaroes.pt\/#\/schema\/logo\/image\/\",\"url\":\"http:\/\/inox-aroes-wordpress-e8eef8-95-217-155-156.traefik.me\/wp-content\/uploads\/2024\/02\/organization-logo.jpg\",\"contentUrl\":\"http:\/\/inox-aroes-wordpress-e8eef8-95-217-155-156.traefik.me\/wp-content\/uploads\/2024\/02\/organization-logo.jpg\",\"width\":697,\"height\":696,\"caption\":\"Inoxar\u00f5es \u2013 Constru\u00e7\u00f5es Em A\u00e7o Inox e A\u00e7o Macio, Lda\"},\"image\":{\"@id\":\"https:\/\/inoxaroes.pt\/#\/schema\/logo\/image\/\"},\"sameAs\":[\"https:\/\/www.facebook.com\/inoxaroes2\",\"https:\/\/www.linkedin.com\/company\/inoxares-lda\/\"]}]}<\/script>\n<!-- \/ Yoast SEO plugin. -->","yoast_head_json":{"title":"Contacts","description":"To clarify any doubts about a product or service, please contact us, and our team will respond promptly.","robots":{"index":"index","follow":"follow","max-snippet":"max-snippet:-1","max-image-preview":"max-image-preview:large","max-video-preview":"max-video-preview:-1"},"canonical":"https:\/\/inoxaroes.pt\/en\/contacts\/","og_locale":"en_US","og_type":"article","og_title":"Contacts","og_description":"To clarify any doubts about a product or service, please contact us, and our team will respond promptly.","og_url":"https:\/\/inoxaroes.pt\/en\/contacts\/","og_site_name":"Inoxar\u00f5es","article_publisher":"https:\/\/www.facebook.com\/inoxaroes2","article_modified_time":"2024-03-01T15:18:01+00:00","og_image":[{"width":1201,"height":676,"url":"https:\/\/inoxaroes.pt\/wp-content\/uploads\/2024\/02\/site-image.jpg","type":"image\/jpeg"}],"twitter_card":"summary_large_image","twitter_misc":{"Est. reading time":"2 minutes"},"schema":{"@context":"https:\/\/schema.org","@graph":[{"@type":"WebPage","@id":"https:\/\/inoxaroes.pt\/en\/contacts\/","url":"https:\/\/inoxaroes.pt\/en\/contacts\/","name":"Contacts","isPartOf":{"@id":"https:\/\/inoxaroes.pt\/#website"},"datePublished":"2022-11-15T23:14:08+00:00","dateModified":"2024-03-01T15:18:01+00:00","description":"To clarify any doubts about a product or service, please contact us, and our team will respond promptly.","breadcrumb":{"@id":"https:\/\/inoxaroes.pt\/en\/contacts\/#breadcrumb"},"inLanguage":"en-US","potentialAction":[{"@type":"ReadAction","target":["https:\/\/inoxaroes.pt\/en\/contacts\/"]}]},{"@type":"BreadcrumbList","@id":"https:\/\/inoxaroes.pt\/en\/contacts\/#breadcrumb","itemListElement":[{"@type":"ListItem","position":1,"name":"In\u00edcio","item":"https:\/\/inoxaroes.pt\/en\/"},{"@type":"ListItem","position":2,"name":"Contacts"}]},{"@type":"WebSite","@id":"https:\/\/inoxaroes.pt\/#website","url":"https:\/\/inoxaroes.pt\/","name":"Inoxar\u00f5es","description":"Constru\u00e7\u00f5es em A\u00e7o Inox","publisher":{"@id":"https:\/\/inoxaroes.pt\/#organization"},"alternateName":"Inoxar\u00f5es \u2013 Constru\u00e7\u00f5es Em A\u00e7o Inox e A\u00e7o Macio, Lda","potentialAction":[{"@type":"SearchAction","target":{"@type":"EntryPoint","urlTemplate":"https:\/\/inoxaroes.pt\/?s={search_term_string}"},"query-input":"required name=search_term_string"}],"inLanguage":"en-US"},{"@type":"Organization","@id":"https:\/\/inoxaroes.pt\/#organization","name":"Inoxar\u00f5es \u2013 Constru\u00e7\u00f5es Em A\u00e7o Inox e A\u00e7o Macio, Lda","alternateName":"Inoxar\u00f5es \u2013 Constru\u00e7\u00f5es Em A\u00e7o Inox e A\u00e7o Macio, Lda","url":"https:\/\/inoxaroes.pt\/","logo":{"@type":"ImageObject","inLanguage":"en-US","@id":"https:\/\/inoxaroes.pt\/#\/schema\/logo\/image\/","url":"http:\/\/inox-aroes-wordpress-e8eef8-95-217-155-156.traefik.me\/wp-content\/uploads\/2024\/02\/organization-logo.jpg","contentUrl":"http:\/\/inox-aroes-wordpress-e8eef8-95-217-155-156.traefik.me\/wp-content\/uploads\/2024\/02\/organization-logo.jpg","width":697,"height":696,"caption":"Inoxar\u00f5es \u2013 Constru\u00e7\u00f5es Em A\u00e7o Inox e A\u00e7o Macio, Lda"},"image":{"@id":"https:\/\/inoxaroes.pt\/#\/schema\/logo\/image\/"},"sameAs":["https:\/\/www.facebook.com\/inoxaroes2","https:\/\/www.linkedin.com\/company\/inoxares-lda\/"]}]}},"_links":{"self":[{"href":"https:\/\/inoxaroes.pt\/en\/wp-json\/wp\/v2\/pages\/7043","targetHints":{"allow":["GET"]}}],"collection":[{"href":"https:\/\/inoxaroes.pt\/en\/wp-json\/wp\/v2\/pages"}],"about":[{"href":"https:\/\/inoxaroes.pt\/en\/wp-json\/wp\/v2\/types\/page"}],"author":[{"embeddable":true,"href":"https:\/\/inoxaroes.pt\/en\/wp-json\/wp\/v2\/users\/1"}],"replies":[{"embeddable":true,"href":"https:\/\/inoxaroes.pt\/en\/wp-json\/wp\/v2\/comments?post=7043"}],"version-history":[{"count":10,"href":"https:\/\/inoxaroes.pt\/en\/wp-json\/wp\/v2\/pages\/7043\/revisions"}],"predecessor-version":[{"id":7192,"href":"https:\/\/inoxaroes.pt\/en\/wp-json\/wp\/v2\/pages\/7043\/revisions\/7192"}],"wp:attachment":[{"href":"https:\/\/inoxaroes.pt\/en\/wp-json\/wp\/v2\/media?parent=7043"}],"curies":[{"name":"wp","href":"https:\/\/api.w.org\/{rel}","templated":true}]}}